{"id":10,"date":"2025-06-11T23:32:15","date_gmt":"2025-06-11T21:32:15","guid":{"rendered":"https:\/\/protestwyborczyromanagiertycha.org\/?page_id=10"},"modified":"2025-06-12T10:05:44","modified_gmt":"2025-06-12T08:05:44","slug":"strona-glowna","status":"publish","type":"page","link":"https:\/\/protestwyborczyromanagiertycha.org\/","title":{"rendered":"strona-g\u0142\u00f3wna"},"content":{"rendered":"\t\t<div data-elementor-type=\"wp-page\" data-elementor-id=\"10\" class=\"elementor elementor-10\">\n\t\t\t\t<div class=\"elementor-element elementor-element-af9ab17 e-flex e-con-boxed e-con e-parent\" data-id=\"af9ab17\" data-element_type=\"container\">\n\t\t\t\t\t<div class=\"e-con-inner\">\n\t\t\t\t<div class=\"elementor-element elementor-element-75838fc elementor-invisible elementor-widget elementor-widget-heading\" data-id=\"75838fc\" data-element_type=\"widget\" data-settings=\"{&quot;_animation&quot;:&quot;fadeIn&quot;}\" data-widget_type=\"heading.default\">\n\t\t\t\t<div class=\"elementor-widget-container\">\n\t\t\t\t\t<h2 class=\"elementor-heading-title elementor-size-default\">Protest Wyborczy Romana Giertycha<\/h2>\t\t\t\t<\/div>\n\t\t\t\t<\/div>\n\t\t\t\t<div class=\"elementor-element elementor-element-8e4326b elementor-invisible elementor-widget elementor-widget-text-editor\" data-id=\"8e4326b\" data-element_type=\"widget\" data-settings=\"{&quot;_animation&quot;:&quot;fadeIn&quot;}\" data-widget_type=\"text-editor.default\">\n\t\t\t\t<div class=\"elementor-widget-container\">\n\t\t\t\t\t\t\t\t\t<p>Szanowni Pa\u0144stwo,<\/p><div>Prosz\u0119 o \u015bci\u0105gni\u0119cie poni\u017cszego pliku pdf i wydrukowanie.<\/div><div><p>Pod protestem wpisujemy PESEL, adres zamieszkania, miejscowo\u015b\u0107, dat\u0119 i podpisujemy imieniem i nazwiskiem.<\/p><\/div><div>Protest wysy\u0142amy listem zwyk\u0142ym lub poleconym na adres:<\/div><div>S\u0105d Najwy\u017cszy<\/div><div>Plac Krasi\u0144skich 2\/4\/6<\/div><div>00-951 Warszawa<\/div><div>\u00a0<\/div><div>Mo\u017cna te\u017c dostarczy\u0107 osobi\u015bcie.<\/div><div>\u00a0<\/div><div>Dzi\u0119kuj\u0119<\/div><div>Roman Giertych<\/div>\t\t\t\t\t\t\t\t<\/div>\n\t\t\t\t<\/div>\n\t\t\t\t<div class=\"elementor-element elementor-element-6dd1d74 e-transform elementor-invisible elementor-widget elementor-widget-image\" data-id=\"6dd1d74\" data-element_type=\"widget\" data-settings=\"{&quot;_animation&quot;:&quot;fadeIn&quot;,&quot;_transform_scale_effect_hover&quot;:{&quot;unit&quot;:&quot;px&quot;,&quot;size&quot;:1.02,&quot;sizes&quot;:[]},&quot;_transform_scale_effect_hover_tablet&quot;:{&quot;unit&quot;:&quot;px&quot;,&quot;size&quot;:&quot;&quot;,&quot;sizes&quot;:[]},&quot;_transform_scale_effect_hover_mobile&quot;:{&quot;unit&quot;:&quot;px&quot;,&quot;size&quot;:&quot;&quot;,&quot;sizes&quot;:[]}}\" data-widget_type=\"image.default\">\n\t\t\t\t<div class=\"elementor-widget-container\">\n\t\t\t\t\t\t\t\t\t\t\t\t\t\t\t\t<a href=\"https:\/\/protestwyborczyromanagiertycha.org\/wp-content\/uploads\/2025\/06\/Protest-wyborczy-Romana-Giertycha.pdf\" download=\"\">\n\t\t\t\t\t\t\t<img decoding=\"async\" width=\"150\" height=\"150\" src=\"https:\/\/protestwyborczyromanagiertycha.org\/wp-content\/uploads\/2025\/06\/pdf-icon-150x150.png\" class=\"attachment-thumbnail size-thumbnail wp-image-53\" alt=\"\" srcset=\"https:\/\/protestwyborczyromanagiertycha.org\/wp-content\/uploads\/2025\/06\/pdf-icon-150x150.png 150w, https:\/\/protestwyborczyromanagiertycha.org\/wp-content\/uploads\/2025\/06\/pdf-icon-300x300.png 300w, https:\/\/protestwyborczyromanagiertycha.org\/wp-content\/uploads\/2025\/06\/pdf-icon-1024x1024.png 1024w, https:\/\/protestwyborczyromanagiertycha.org\/wp-content\/uploads\/2025\/06\/pdf-icon-768x768.png 768w, https:\/\/protestwyborczyromanagiertycha.org\/wp-content\/uploads\/2025\/06\/pdf-icon.png 1080w\" sizes=\"(max-width: 150px) 100vw, 150px\" \/>\t\t\t\t\t\t\t\t<\/a>\n\t\t\t\t\t\t\t\t\t\t\t\t\t\t\t<\/div>\n\t\t\t\t<\/div>\n\t\t\t\t\t<\/div>\n\t\t\t\t<\/div>\n\t\t\t\t<\/div>\n\t\t","protected":false},"excerpt":{"rendered":"<p>Protest Wyborczy Romana Giertycha Szanowni Pa\u0144stwo, Prosz\u0119 o \u015bci\u0105gni\u0119cie poni\u017cszego pliku pdf i wydrukowanie. Pod protestem wpisujemy PESEL, adres zamieszkania, miejscowo\u015b\u0107, dat\u0119 i podpisujemy imieniem i nazwiskiem. Protest wysy\u0142amy listem zwyk\u0142ym lub poleconym na adres:S\u0105d Najwy\u017cszyPlac Krasi\u0144skich 2\/4\/600-951 Warszawa\u00a0Mo\u017cna te\u017c dostarczy\u0107 osobi\u015bcie.\u00a0Dzi\u0119kuj\u0119Roman Giertych<\/p>\n","protected":false},"author":1,"featured_media":0,"parent":0,"menu_order":0,"comment_status":"closed","ping_status":"closed","template":"elementor_canvas","meta":{"footnotes":""},"class_list":["post-10","page","type-page","status-publish","hentry"],"_links":{"self":[{"href":"https:\/\/protestwyborczyromanagiertycha.org\/index.php?rest_route=\/wp\/v2\/pages\/10","targetHints":{"allow":["GET"]}}],"collection":[{"href":"https:\/\/protestwyborczyromanagiertycha.org\/index.php?rest_route=\/wp\/v2\/pages"}],"about":[{"href":"https:\/\/protestwyborczyromanagiertycha.org\/index.php?rest_route=\/wp\/v2\/types\/page"}],"author":[{"embeddable":true,"href":"https:\/\/protestwyborczyromanagiertycha.org\/index.php?rest_route=\/wp\/v2\/users\/1"}],"replies":[{"embeddable":true,"href":"https:\/\/protestwyborczyromanagiertycha.org\/index.php?rest_route=%2Fwp%2Fv2%2Fcomments&post=10"}],"version-history":[{"count":50,"href":"https:\/\/protestwyborczyromanagiertycha.org\/index.php?rest_route=\/wp\/v2\/pages\/10\/revisions"}],"predecessor-version":[{"id":71,"href":"https:\/\/protestwyborczyromanagiertycha.org\/index.php?rest_route=\/wp\/v2\/pages\/10\/revisions\/71"}],"wp:attachment":[{"href":"https:\/\/protestwyborczyromanagiertycha.org\/index.php?rest_route=%2Fwp%2Fv2%2Fmedia&parent=10"}],"curies":[{"name":"wp","href":"https:\/\/api.w.org\/{rel}","templated":true}]}}